{"id":1465,"date":"2022-07-12T14:17:29","date_gmt":"2022-07-12T12:17:29","guid":{"rendered":"https:\/\/yolopizza.co\/?page_id=1465"},"modified":"2026-02-06T15:25:38","modified_gmt":"2026-02-06T14:25:38","slug":"distributeur-de-pizzas-fraiches-dans-la-nievre","status":"publish","type":"page","link":"https:\/\/yolopizza.co\/index.php\/distributeur-de-pizzas-fraiches-dans-la-nievre\/","title":{"rendered":"Nos pizzas"},"content":{"rendered":"\t\t<div data-elementor-type=\"wp-page\" data-elementor-id=\"1465\" class=\"elementor elementor-1465\">\n\t\t\t\t\t\t<section class=\"elementor-section elementor-top-section elementor-element elementor-element-ad25b8e elementor-section-content-middle elementor-section-boxed elementor-section-height-default elementor-section-height-default wpr-particle-no wpr-jarallax-no wpr-parallax-no wpr-equal-height-no\" data-id=\"ad25b8e\" data-element_type=\"section\" data-e-type=\"section\" data-settings=\"{&quot;background_background&quot;:&quot;classic&quot;}\">\n\t\t\t\t\t\t<div class=\"elementor-container elementor-column-gap-default\">\n\t\t\t\t\t<div class=\"elementor-column elementor-col-100 elementor-top-column elementor-element elementor-element-43c733a\" data-id=\"43c733a\" data-element_type=\"column\" data-e-type=\"column\">\n\t\t\t<div class=\"elementor-widget-wrap elementor-element-populated\">\n\t\t\t\t\t\t<div class=\"elementor-element elementor-element-03ea007 barcelony elementor-widget elementor-widget-heading\" data-id=\"03ea007\" data-element_type=\"widget\" data-e-type=\"widget\" data-widget_type=\"heading.default\">\n\t\t\t\t<div class=\"elementor-widget-container\">\n\t\t\t\t\t<h1 class=\"elementor-heading-title elementor-size-default\">Nos Pizzas<\/h1>\t\t\t\t<\/div>\n\t\t\t\t<\/div>\n\t\t\t\t<div class=\"elementor-element elementor-element-d703906 elementor-widget elementor-widget-heading\" data-id=\"d703906\" data-element_type=\"widget\" data-e-type=\"widget\" data-widget_type=\"heading.default\">\n\t\t\t\t<div class=\"elementor-widget-container\">\n\t\t\t\t\t<h2 class=\"elementor-heading-title elementor-size-default\">D\u00e9couvrez notre menu : pizzas fra\u00eeches, gourmandes et originales<\/h2>\t\t\t\t<\/div>\n\t\t\t\t<\/div>\n\t\t\t\t<div class=\"elementor-element elementor-element-fe8ee9b elementor-widget__width-inherit elementor-widget elementor-widget-narestaurant_unique_food_menu\" data-id=\"fe8ee9b\" data-element_type=\"widget\" data-e-type=\"widget\" id=\"menu\" data-widget_type=\"narestaurant_unique_food_menu.default\">\n\t\t\t\t<div class=\"elementor-widget-container\">\n\t\t\t\t\t<div class=\"narep-food-menu-wrap food-menu-two\"><div class=\"nich-row nich-align-items-center\"><div class=\"nich-col-lg-4\">\n\t\t\t\t\t\t\t\t\t\t\t\t\t\t\t\t\t\t<div class=\"narep-food-menu-item-wrap zoom-image hav-img food-menu-heighlight\">\n\t\t\t\t\t\t\t\t\t\t\t\t              <h5 class=\"food-label\">Base cr\u00e8me<\/h5><div class=\"narep-food-menu-item\"><div class=\"narep-image narep-popup\"><a href=\"https:\/\/yolopizza.co\/wp-content\/uploads\/2026\/02\/PHOTOS-PHOTOGRAPHE-NORMANDIE.png\"><img decoding=\"async\" src=\"https:\/\/yolopizza.co\/wp-content\/uploads\/2026\/02\/PHOTOS-PHOTOGRAPHE-NORMANDIE.png\" alt=\"Normandie\"><\/a><\/div><span class=\"food-price\">13.90\u20ac<\/span><\/div><div class=\"narep-food-menu-info\"><h4 class=\"narep-food-menu-title\">Normandie<\/h4><p>Base cr\u00e8me fraiche, Jambon, Champignons, Camembert, Mozzarella<\/p><\/div>\n\t\t\t\t\t\t\t\t\t\t\t\t            <\/div>\n\t\t\t\t\t\t\t\t\t\t\t            <\/div><div class=\"nich-col-lg-4\">\n\t\t\t\t\t\t\t\t\t\t\t\t\t\t\t\t\t\t<div class=\"narep-food-menu-item-wrap zoom-image hav-img food-menu-heighlight\">\n\t\t\t\t\t\t\t\t\t\t\t\t              <h5 class=\"food-label\">Base tomate<\/h5><div class=\"narep-food-menu-item\"><div class=\"narep-image narep-popup\"><a href=\"https:\/\/yolopizza.co\/wp-content\/uploads\/2026\/02\/PHOTOS-PHOTOGRAPHE-LA-FUMEE.png\"><img decoding=\"async\" src=\"https:\/\/yolopizza.co\/wp-content\/uploads\/2026\/02\/PHOTOS-PHOTOGRAPHE-LA-FUMEE.png\" alt=\"Fum\u00e9e\"><\/a><\/div><span class=\"food-price\">13.90\u20ac<\/span><\/div><div class=\"narep-food-menu-info\"><h4 class=\"narep-food-menu-title\">Fum\u00e9e<\/h4><p>Base Tomate, Lardons, Saucisse fum\u00e9e, Fromage \u00e0 tartiflette, Mozzarella<\/p><\/div>\n\t\t\t\t\t\t\t\t\t\t\t\t            <\/div>\n\t\t\t\t\t\t\t\t\t\t\t            <\/div><div class=\"nich-col-lg-4\">\n\t\t\t\t\t\t\t\t\t\t\t\t\t\t\t\t\t\t<div class=\"narep-food-menu-item-wrap zoom-image hav-img food-menu-heighlight\">\n\t\t\t\t\t\t\t\t\t\t\t\t              <h5 class=\"food-label\">Base cr\u00e8me<\/h5><div class=\"narep-food-menu-item\"><div class=\"narep-image narep-popup\"><a href=\"https:\/\/yolopizza.co\/wp-content\/uploads\/2026\/02\/PHOTOS-PHOTOGRAPHE-VOLCANO.png\"><img decoding=\"async\" src=\"https:\/\/yolopizza.co\/wp-content\/uploads\/2026\/02\/PHOTOS-PHOTOGRAPHE-VOLCANO.png\" alt=\"Volcano\"><\/a><\/div><span class=\"food-price\">13.90\u20ac<\/span><\/div><div class=\"narep-food-menu-info\"><h4 class=\"narep-food-menu-title\">Volcano<\/h4><p>Base cr\u00e8me fraiche, Chorizo, Fourme d'Ambert, Mozzarella<\/p><\/div>\n\t\t\t\t\t\t\t\t\t\t\t\t            <\/div>\n\t\t\t\t\t\t\t\t\t\t\t            <\/div><div class=\"nich-col-lg-4\">\n\t\t\t\t\t\t\t\t\t\t\t\t\t\t\t\t\t\t<div class=\"narep-food-menu-item-wrap zoom-image hav-img\">\n\t\t\t\t\t\t\t\t\t\t\t\t              <h5 class=\"food-label\">Base cr\u00e8me<\/h5><div class=\"narep-food-menu-item\"><div class=\"narep-image narep-popup\"><a href=\"https:\/\/yolopizza.co\/wp-content\/uploads\/2025\/12\/PHOTOS-PHOTOGRAPHE-SAUMON.png\"><img decoding=\"async\" src=\"https:\/\/yolopizza.co\/wp-content\/uploads\/2025\/12\/PHOTOS-PHOTOGRAPHE-SAUMON.png\" alt=\"Saumon qui fume\"><\/a><\/div><span class=\"food-price\">14.90\u20ac<\/span><\/div><div class=\"narep-food-menu-info\"><h4 class=\"narep-food-menu-title\">Saumon qui fume<\/h4><p>Base cr\u00e8me fra\u00eeche, Citron, Saumon, Mozzarella<\/p><\/div>\n\t\t\t\t\t\t\t\t\t\t\t\t            <\/div>\n\t\t\t\t\t\t\t\t\t\t\t            <\/div><div class=\"nich-col-lg-4\">\n\t\t\t\t\t\t\t\t\t\t\t\t\t\t\t\t\t\t<div class=\"narep-food-menu-item-wrap zoom-image hav-img\">\n\t\t\t\t\t\t\t\t\t\t\t\t              <h5 class=\"food-label\">Base cr\u00e8me<\/h5><div class=\"narep-food-menu-item\"><div class=\"narep-image narep-popup\"><a href=\"https:\/\/yolopizza.co\/wp-content\/uploads\/2025\/10\/PHOTOS-PHOTOGRAPHE-Bourguiboeuf.png\"><img decoding=\"async\" src=\"https:\/\/yolopizza.co\/wp-content\/uploads\/2025\/10\/PHOTOS-PHOTOGRAPHE-Bourguiboeuf.png\" alt=\"Bourguiboeuf\"><\/a><\/div><span class=\"food-price\">13.90\u20ac<\/span><\/div><div class=\"narep-food-menu-info\"><h4 class=\"narep-food-menu-title\">Bourguiboeuf<\/h4><p>Base cr\u00e8me fra\u00eeche, Viande hach\u00e9e, Beurre d'escargots, Mozzarella Fior di Latte<\/p><\/div>\n\t\t\t\t\t\t\t\t\t\t\t\t            <\/div>\n\t\t\t\t\t\t\t\t\t\t\t            <\/div><div class=\"nich-col-lg-4\">\n\t\t\t\t\t\t\t\t\t\t\t\t\t\t\t\t\t\t<div class=\"narep-food-menu-item-wrap zoom-image hav-img\">\n\t\t\t\t\t\t\t\t\t\t\t\t              <h5 class=\"food-label\">Base cr\u00e8me<\/h5><div class=\"narep-food-menu-item\"><div class=\"narep-image narep-popup\"><a href=\"https:\/\/yolopizza.co\/wp-content\/uploads\/2025\/09\/PHOTOS-PHOTOGRAPHE-TOUT-SHUSS-3.png\"><img decoding=\"async\" src=\"https:\/\/yolopizza.co\/wp-content\/uploads\/2025\/09\/PHOTOS-PHOTOGRAPHE-TOUT-SHUSS-3.png\" alt=\"Tout Shuss\"><\/a><\/div><span class=\"food-price\">13.90\u20ac<\/span><\/div><div class=\"narep-food-menu-info\"><h4 class=\"narep-food-menu-title\">Tout Shuss<\/h4><p>Base cr\u00e8me fra\u00eeche, Mozzarella \u00abFior di Latte\u00bb, Pomme de terre, Jambon, Fromage \u00e0 raclette<\/p><\/div>\n\t\t\t\t\t\t\t\t\t\t\t\t            <\/div>\n\t\t\t\t\t\t\t\t\t\t\t            <\/div><div class=\"nich-col-lg-4\">\n\t\t\t\t\t\t\t\t\t\t\t\t\t\t\t\t\t\t<div class=\"narep-food-menu-item-wrap zoom-image hav-img\">\n\t\t\t\t\t\t\t\t\t\t\t\t              <h5 class=\"food-label\">Base tomate<\/h5><div class=\"narep-food-menu-item\"><div class=\"narep-image narep-popup\"><a href=\"https:\/\/yolopizza.co\/wp-content\/uploads\/2025\/09\/PHOTOS-PHOTOGRAPHE-MONTAGNARDE.png\"><img decoding=\"async\" src=\"https:\/\/yolopizza.co\/wp-content\/uploads\/2025\/09\/PHOTOS-PHOTOGRAPHE-MONTAGNARDE.png\" alt=\"Tartiflette Rocket\"><\/a><\/div><span class=\"food-price\">13.90\u20ac<\/span><\/div><div class=\"narep-food-menu-info\"><h4 class=\"narep-food-menu-title\">Tartiflette Rocket<\/h4><p>Base Tomate, Mozzarella \u00abFior di Latte\u00bb, Fromage \u00e0 tartiflette, Jambon, Lardons, Oignons frits<\/p><\/div>\n\t\t\t\t\t\t\t\t\t\t\t\t            <\/div>\n\t\t\t\t\t\t\t\t\t\t\t            <\/div><div class=\"nich-col-lg-4\">\n\t\t\t\t\t\t\t\t\t\t\t\t\t\t\t\t\t\t<div class=\"narep-food-menu-item-wrap zoom-image hav-img\">\n\t\t\t\t\t\t\t\t\t\t\t\t              <h5 class=\"food-label\">Base tomate<\/h5><div class=\"narep-food-menu-item\"><div class=\"narep-image narep-popup\"><a href=\"https:\/\/yolopizza.co\/wp-content\/uploads\/2025\/09\/PHOTOS-PHOTOGRAPHE-PAYSANNE.png\"><img decoding=\"async\" src=\"https:\/\/yolopizza.co\/wp-content\/uploads\/2025\/09\/PHOTOS-PHOTOGRAPHE-PAYSANNE.png\" alt=\"Bleu de\u00a0Ouf\"><\/a><\/div><span class=\"food-price\">13.90\u20ac<\/span><\/div><div class=\"narep-food-menu-info\"><h4 class=\"narep-food-menu-title\">Bleu de\u00a0Ouf<\/h4><p>Base Tomate, Mozzarella \u00abFior di Latte\u00bb, Bleu d\u2019auvergne, Jambon cru, Lardons<\/p><\/div>\n\t\t\t\t\t\t\t\t\t\t\t\t            <\/div>\n\t\t\t\t\t\t\t\t\t\t\t            <\/div><div class=\"nich-col-lg-4\">\n\t\t\t\t\t\t\t\t\t\t\t\t\t\t\t\t\t\t<div class=\"narep-food-menu-item-wrap zoom-image hav-img\">\n\t\t\t\t\t\t\t\t\t\t\t\t              <h5 class=\"food-label\">Base tomate<\/h5><div class=\"narep-food-menu-item\"><div class=\"narep-image narep-popup\"><a href=\"https:\/\/yolopizza.co\/wp-content\/uploads\/2025\/07\/PHOTOS-PHOTOGRAPHE-MARGHERITA-3.png\"><img decoding=\"async\" src=\"https:\/\/yolopizza.co\/wp-content\/uploads\/2025\/07\/PHOTOS-PHOTOGRAPHE-MARGHERITA-3.png\" alt=\"Pinsa Margherita\"><\/a><\/div><span class=\"food-price\">10.90\u20ac<\/span><\/div><div class=\"narep-food-menu-info\"><h4 class=\"narep-food-menu-title\">Pinsa Margherita<\/h4><p>Base tomate, Mozzarella \"Fior di Latte\", Cr\u00e8me de mozzarella, Sauce au basilic, Huile d\u2019olive extra-vierge<\/p><\/div>\n\t\t\t\t\t\t\t\t\t\t\t\t            <\/div>\n\t\t\t\t\t\t\t\t\t\t\t            <\/div><div class=\"nich-col-lg-4\">\n\t\t\t\t\t\t\t\t\t\t\t\t\t\t\t\t\t\t<div class=\"narep-food-menu-item-wrap zoom-image hav-img\">\n\t\t\t\t\t\t\t\t\t\t\t\t              <h5 class=\"food-label\">Base tomate<\/h5><div class=\"narep-food-menu-item\"><div class=\"narep-image narep-popup\"><a href=\"https:\/\/yolopizza.co\/wp-content\/uploads\/2025\/06\/PHOTOS-PHOTOGRAPHE-CANIBALE-2.png\"><img decoding=\"async\" src=\"https:\/\/yolopizza.co\/wp-content\/uploads\/2025\/06\/PHOTOS-PHOTOGRAPHE-CANIBALE-2.png\" alt=\"Cannibale\"><\/a><\/div><span class=\"food-price\">14.90\u20ac<\/span><\/div><div class=\"narep-food-menu-info\"><h4 class=\"narep-food-menu-title\">Cannibale<\/h4><p>Base tomate, Boeuf hach\u00e9, Coulis de tomate, Cr\u00e8me fra\u00eeche, Filet de poulet, Mozzarella \"Fior di Latte\", Oignons rouges, Sauce barbecue<\/p><\/div>\n\t\t\t\t\t\t\t\t\t\t\t\t            <\/div>\n\t\t\t\t\t\t\t\t\t\t\t            <\/div><div class=\"nich-col-lg-4\">\n\t\t\t\t\t\t\t\t\t\t\t\t\t\t\t\t\t\t<div class=\"narep-food-menu-item-wrap zoom-image hav-img\">\n\t\t\t\t\t\t\t\t\t\t\t\t              <h5 class=\"food-label\">Base cr\u00e8me<\/h5><div class=\"narep-food-menu-item\"><div class=\"narep-image narep-popup\"><a href=\"https:\/\/yolopizza.co\/wp-content\/uploads\/2025\/07\/PHOTOS-PHOTOGRAPHE-KEBAB-2.png\"><img decoding=\"async\" src=\"https:\/\/yolopizza.co\/wp-content\/uploads\/2025\/07\/PHOTOS-PHOTOGRAPHE-KEBAB-2.png\" alt=\"Yala Pizza Kebab\"><\/a><\/div><span class=\"food-price\">13.50\u20ac<\/span><\/div><div class=\"narep-food-menu-info\"><h4 class=\"narep-food-menu-title\">Yala Pizza Kebab<\/h4><p>Base cr\u00e8me fra\u00eeche, Sauce Kebab, Poulet, Tomates, Oignons, Mozzarella<\/p><\/div>\n\t\t\t\t\t\t\t\t\t\t\t\t            <\/div>\n\t\t\t\t\t\t\t\t\t\t\t            <\/div><div class=\"nich-col-lg-4\">\n\t\t\t\t\t\t\t\t\t\t\t\t\t\t\t\t\t\t<div class=\"narep-food-menu-item-wrap zoom-image hav-img\">\n\t\t\t\t\t\t\t\t\t\t\t\t              <h5 class=\"food-label\">Base cr\u00e8me<\/h5><div class=\"narep-food-menu-item\"><div class=\"narep-image narep-popup\"><a href=\"https:\/\/yolopizza.co\/wp-content\/uploads\/2025\/06\/PHOTOS-PHOTOGRAPHE-SPIDER-COCHON-2.png\"><img decoding=\"async\" src=\"https:\/\/yolopizza.co\/wp-content\/uploads\/2025\/06\/PHOTOS-PHOTOGRAPHE-SPIDER-COCHON-2.png\" alt=\"Spider Cochon\"><\/a><\/div><span class=\"food-price\">14.00\u20ac<\/span><\/div><div class=\"narep-food-menu-info\"><h4 class=\"narep-food-menu-title\">Spider Cochon<\/h4><p>Base cr\u00e8me fra\u00eeche, Mozzarella \"Fior di Latte\", Jambon \u00e0 la coupe, Champignons de Paris, Ail, Lardons fum\u00e9s, Oignons rouges, Persil, Huile d'olive<\/p><\/div>\n\t\t\t\t\t\t\t\t\t\t\t\t            <\/div>\n\t\t\t\t\t\t\t\t\t\t\t            <\/div><div class=\"nich-col-lg-4\">\n\t\t\t\t\t\t\t\t\t\t\t\t\t\t\t\t\t\t<div class=\"narep-food-menu-item-wrap zoom-image hav-img\">\n\t\t\t\t\t\t\t\t\t\t\t\t              <h5 class=\"food-label\">Base tomate<\/h5><div class=\"narep-food-menu-item\"><div class=\"narep-image narep-popup\"><a href=\"https:\/\/yolopizza.co\/wp-content\/uploads\/2025\/06\/PHOTOS-PHOTOGRAPHE-BIQUETTE-2.png\"><img decoding=\"async\" src=\"https:\/\/yolopizza.co\/wp-content\/uploads\/2025\/06\/PHOTOS-PHOTOGRAPHE-BIQUETTE-2.png\" alt=\"Biquette\"><\/a><\/div><span class=\"food-price\">12.90\u20ac<\/span><\/div><div class=\"narep-food-menu-info\"><h4 class=\"narep-food-menu-title\">Biquette<\/h4><p>Base tomate, Mozzarella \"Fior di Latte\", Miel, Herbes de Provence, Ch\u00e8vre,  Huile d'olive<\/p><\/div>\n\t\t\t\t\t\t\t\t\t\t\t\t            <\/div>\n\t\t\t\t\t\t\t\t\t\t\t            <\/div><div class=\"nich-col-lg-4\">\n\t\t\t\t\t\t\t\t\t\t\t\t\t\t\t\t\t\t<div class=\"narep-food-menu-item-wrap zoom-image hav-img\">\n\t\t\t\t\t\t\t\t\t\t\t\t              <h5 class=\"food-label\">Base tomate<\/h5><div class=\"narep-food-menu-item\"><div class=\"narep-image narep-popup\"><a href=\"https:\/\/yolopizza.co\/wp-content\/uploads\/2025\/06\/PHOTOS-PHOTOGRAPHE-SPICYOLO-2.png\"><img decoding=\"async\" src=\"https:\/\/yolopizza.co\/wp-content\/uploads\/2025\/06\/PHOTOS-PHOTOGRAPHE-SPICYOLO-2.png\" alt=\"SpicYolo\"><\/a><\/div><span class=\"food-price\">12.50\u20ac<\/span><\/div><div class=\"narep-food-menu-info\"><h4 class=\"narep-food-menu-title\">SpicYolo<\/h4><p>Base tomate, Mozzarella \"Fior di Latte\", Sauce Spicy, Chorizo, Poivrons rouges, Poivrons jaunes, Poivrons verts, Persil, Huile d'olive<\/p><\/div>\n\t\t\t\t\t\t\t\t\t\t\t\t            <\/div>\n\t\t\t\t\t\t\t\t\t\t\t            <\/div><div class=\"nich-col-lg-4\">\n\t\t\t\t\t\t\t\t\t\t\t\t\t\t\t\t\t\t<div class=\"narep-food-menu-item-wrap zoom-image hav-img\">\n\t\t\t\t\t\t\t\t\t\t\t\t              <h5 class=\"food-label\">Base tomate<\/h5><div class=\"narep-food-menu-item\"><div class=\"narep-image narep-popup\"><a href=\"https:\/\/yolopizza.co\/wp-content\/uploads\/2025\/07\/PHOTOS-PHOTOGRAPHE-BURGER-2.png\"><img decoding=\"async\" src=\"https:\/\/yolopizza.co\/wp-content\/uploads\/2025\/07\/PHOTOS-PHOTOGRAPHE-BURGER-2.png\" alt=\"Burger de l&#039;espace\"><\/a><\/div><span class=\"food-price\">14.00\u20ac<\/span><\/div><div class=\"narep-food-menu-info\"><h4 class=\"narep-food-menu-title\">Burger de l&#039;espace<\/h4><p>Base tomate, Mozzarella \"Fior di Latte\", Viande hach\u00e9e de boeuf, Sauce secr\u00e8te, Oignons, Cheddar\n<\/p><\/div>\n\t\t\t\t\t\t\t\t\t\t\t\t            <\/div>\n\t\t\t\t\t\t\t\t\t\t\t            <\/div><div class=\"nich-col-lg-4\">\n\t\t\t\t\t\t\t\t\t\t\t\t\t\t\t\t\t\t<div class=\"narep-food-menu-item-wrap zoom-image hav-img\">\n\t\t\t\t\t\t\t\t\t\t\t\t              <h5 class=\"food-label\">base cr\u00e8me<\/h5><div class=\"narep-food-menu-item\"><div class=\"narep-image narep-popup\"><a href=\"https:\/\/yolopizza.co\/wp-content\/uploads\/2025\/06\/PHOTOS-PHOTOGRAPHE-POUPOULE-2.png\"><img decoding=\"async\" src=\"https:\/\/yolopizza.co\/wp-content\/uploads\/2025\/06\/PHOTOS-PHOTOGRAPHE-POUPOULE-2.png\" alt=\"Ma Poupoule\"><\/a><\/div><span class=\"food-price\">13.50\u20ac<\/span><\/div><div class=\"narep-food-menu-info\"><h4 class=\"narep-food-menu-title\">Ma Poupoule<\/h4><p>Base Cr\u00e8me\/Concombre, Mozzarella \"Fior di Latte, Oignons rouges, Poulet marin\u00e9, Sauce sp\u00e9ciale Poulette, Oignons frits, Huile d'olive extra vierge<\/p><\/div>\n\t\t\t\t\t\t\t\t\t\t\t\t            <\/div>\n\t\t\t\t\t\t\t\t\t\t\t            <\/div><div class=\"nich-col-lg-4\">\n\t\t\t\t\t\t\t\t\t\t\t\t\t\t\t\t\t\t<div class=\"narep-food-menu-item-wrap zoom-image hav-img\">\n\t\t\t\t\t\t\t\t\t\t\t\t              <h5 class=\"food-label\">Base cr\u00e8me<\/h5><div class=\"narep-food-menu-item\"><div class=\"narep-image narep-popup\"><a href=\"https:\/\/yolopizza.co\/wp-content\/uploads\/2025\/06\/PHOTOS-PHOTOGRAPHE-CHTITE-COCHONNE-2.png\"><img decoding=\"async\" src=\"https:\/\/yolopizza.co\/wp-content\/uploads\/2025\/06\/PHOTOS-PHOTOGRAPHE-CHTITE-COCHONNE-2.png\" alt=\"Ch\u2019tite Cochonne\"><\/a><\/div><span class=\"food-price\">12.90\u20ac<\/span><\/div><div class=\"narep-food-menu-info\"><h4 class=\"narep-food-menu-title\">Ch\u2019tite Cochonne<\/h4><p>Base cr\u00e8me fraiche, Mozzarella \"Fior di Latte, Lardons, Oignons frits, Oignons, Sauce tartare<\/p><\/div>\n\t\t\t\t\t\t\t\t\t\t\t\t            <\/div>\n\t\t\t\t\t\t\t\t\t\t\t            <\/div><div class=\"nich-col-lg-4\">\n\t\t\t\t\t\t\t\t\t\t\t\t\t\t\t\t\t\t<div class=\"narep-food-menu-item-wrap zoom-image hav-img\">\n\t\t\t\t\t\t\t\t\t\t\t\t              <h5 class=\"food-label\">Base cr\u00e8me<\/h5><div class=\"narep-food-menu-item\"><div class=\"narep-image narep-popup\"><a href=\"https:\/\/yolopizza.co\/wp-content\/uploads\/2025\/08\/PHOTOS-PHOTOGRAPHE-LA-REINE.png\"><img decoding=\"async\" src=\"https:\/\/yolopizza.co\/wp-content\/uploads\/2025\/08\/PHOTOS-PHOTOGRAPHE-LA-REINE.png\" alt=\"Reine Nivernaise\"><\/a><\/div><span class=\"food-price\">13.50\u20ac<\/span><\/div><div class=\"narep-food-menu-info\"><h4 class=\"narep-food-menu-title\">Reine Nivernaise<\/h4><p>Base tomate, Mozzarella \"Fior di Latte\", Champignons de Paris, Persil, Olives noires, Jambon cuit a l'os, Huile d'olive<\/p><\/div>\n\t\t\t\t\t\t\t\t\t\t\t\t            <\/div>\n\t\t\t\t\t\t\t\t\t\t\t            <\/div><div class=\"nich-col-lg-4\">\n\t\t\t\t\t\t\t\t\t\t\t\t\t\t\t\t\t\t<div class=\"narep-food-menu-item-wrap zoom-image hav-img\">\n\t\t\t\t\t\t\t\t\t\t\t\t              <h5 class=\"food-label\">Base cr\u00e8me<\/h5><div class=\"narep-food-menu-item\"><div class=\"narep-image narep-popup\"><a href=\"https:\/\/yolopizza.co\/wp-content\/uploads\/2025\/08\/PHOTOS-PHOTOGRAPHE-CHEEEEZ-2.png\"><img decoding=\"async\" src=\"https:\/\/yolopizza.co\/wp-content\/uploads\/2025\/08\/PHOTOS-PHOTOGRAPHE-CHEEEEZ-2.png\" alt=\"Cheeeez\"><\/a><\/div><span class=\"food-price\">12.50\u20ac<\/span><\/div><div class=\"narep-food-menu-info\"><h4 class=\"narep-food-menu-title\">Cheeeez<\/h4><p>Base cr\u00e8me fraiche, Mozzarella \"Fior di Latte\", Gorgonzola, Sauce basilic, Emmental, Bleu d'Auvergne, Huile d'olive<\/p><\/div>\n\t\t\t\t\t\t\t\t\t\t\t\t            <\/div>\n\t\t\t\t\t\t\t\t\t\t\t            <\/div><\/div><\/div>\t\t\t\t<\/div>\n\t\t\t\t<\/div>\n\t\t\t\t\t<\/div>\n\t\t<\/div>\n\t\t\t\t\t<\/div>\n\t\t<\/section>\n\t\t\t\t<\/div>\n\t\t","protected":false},"excerpt":{"rendered":"<p>Nos Pizzas D\u00e9couvrez notre menu : pizzas fra\u00eeches, gourmandes et originales Base cr\u00e8me 13.90\u20ac Normandie Base cr\u00e8me fraiche, Jambon, Champignons, Camembert, Mozzarella Base tomate 13.90\u20ac Fum\u00e9e Base Tomate, Lardons, Saucisse fum\u00e9e, Fromage \u00e0 tartiflette, Mozzarella Base cr\u00e8me 13.90\u20ac Volcano Base cr\u00e8me fraiche, Chorizo, Fourme d&rsquo;Ambert, Mozzarella Base cr\u00e8me 14.90\u20ac Saumon qui fume Base cr\u00e8me fra\u00eeche, Citron, Saumon, Mozzarella Base cr\u00e8me 13.90\u20ac Bourguiboeuf Base cr\u00e8me fra\u00eeche, Viande hach\u00e9e, Beurre d&rsquo;escargots, Mozzarella Fior di Latte Base cr\u00e8me 13.90\u20ac Tout Shuss Base cr\u00e8me fra\u00eeche, Mozzarella \u00abFior di Latte\u00bb, Pomme de terre, Jambon, Fromage \u00e0 raclette Base tomate 13.90\u20ac Tartiflette Rocket Base Tomate, Mozzarella \u00abFior di Latte\u00bb, Fromage \u00e0 tartiflette, Jambon, Lardons, Oignons frits Base tomate 13.90\u20ac Bleu de\u00a0Ouf Base Tomate, Mozzarella \u00abFior di Latte\u00bb, Bleu d\u2019auvergne, Jambon cru, Lardons Base tomate 10.90\u20ac Pinsa Margherita Base tomate, Mozzarella \u00ab\u00a0Fior di Latte\u00a0\u00bb, Cr\u00e8me de mozzarella, Sauce au basilic, Huile d\u2019olive extra-vierge Base tomate 14.90\u20ac Cannibale Base tomate, Boeuf hach\u00e9, Coulis de tomate, Cr\u00e8me fra\u00eeche, Filet de poulet, Mozzarella \u00ab\u00a0Fior di Latte\u00a0\u00bb, Oignons rouges, Sauce barbecue Base cr\u00e8me 13.50\u20ac Yala Pizza Kebab Base cr\u00e8me fra\u00eeche, Sauce Kebab, Poulet, Tomates, Oignons, Mozzarella Base cr\u00e8me 14.00\u20ac Spider Cochon Base cr\u00e8me fra\u00eeche, Mozzarella \u00ab\u00a0Fior di Latte\u00a0\u00bb, Jambon \u00e0 la coupe, Champignons de Paris, Ail, Lardons fum\u00e9s, Oignons rouges, Persil, Huile d&rsquo;olive Base tomate 12.90\u20ac Biquette Base tomate, Mozzarella \u00ab\u00a0Fior di Latte\u00a0\u00bb, Miel, Herbes de Provence, Ch\u00e8vre, Huile d&rsquo;olive Base tomate 12.50\u20ac SpicYolo Base tomate, Mozzarella \u00ab\u00a0Fior di Latte\u00a0\u00bb, Sauce Spicy, Chorizo, Poivrons rouges, Poivrons jaunes, Poivrons verts, Persil, Huile d&rsquo;olive Base tomate 14.00\u20ac Burger de l&#039;espace Base tomate, Mozzarella \u00ab\u00a0Fior di Latte\u00a0\u00bb, Viande hach\u00e9e de boeuf, Sauce secr\u00e8te, Oignons, Cheddar base cr\u00e8me 13.50\u20ac Ma Poupoule Base Cr\u00e8me\/Concombre, Mozzarella \u00ab\u00a0Fior di Latte, Oignons rouges, Poulet marin\u00e9, Sauce sp\u00e9ciale Poulette, Oignons frits, Huile d&rsquo;olive extra vierge Base cr\u00e8me 12.90\u20ac Ch\u2019tite Cochonne Base cr\u00e8me fraiche, Mozzarella \u00ab\u00a0Fior di Latte, Lardons, Oignons frits, Oignons, Sauce tartare Base cr\u00e8me 13.50\u20ac Reine Nivernaise Base tomate, Mozzarella \u00ab\u00a0Fior di Latte\u00a0\u00bb, Champignons de Paris, Persil, Olives noires, Jambon cuit a l&rsquo;os, Huile d&rsquo;olive Base cr\u00e8me 12.50\u20ac Cheeeez Base cr\u00e8me fraiche, Mozzarella \u00ab\u00a0Fior di Latte\u00a0\u00bb, Gorgonzola, Sauce basilic, Emmental, Bleu d&rsquo;Auvergne, Huile d&rsquo;olive<\/p>\n","protected":false},"author":1,"featured_media":2004,"parent":0,"menu_order":0,"comment_status":"closed","ping_status":"closed","template":"elementor_header_footer","meta":{"footnotes":""},"class_list":["post-1465","page","type-page","status-publish","has-post-thumbnail","hentry"],"aioseo_notices":[],"_links":{"self":[{"href":"https:\/\/yolopizza.co\/index.php\/wp-json\/wp\/v2\/pages\/1465","targetHints":{"allow":["GET"]}}],"collection":[{"href":"https:\/\/yolopizza.co\/index.php\/wp-json\/wp\/v2\/pages"}],"about":[{"href":"https:\/\/yolopizza.co\/index.php\/wp-json\/wp\/v2\/types\/page"}],"author":[{"embeddable":true,"href":"https:\/\/yolopizza.co\/index.php\/wp-json\/wp\/v2\/users\/1"}],"replies":[{"embeddable":true,"href":"https:\/\/yolopizza.co\/index.php\/wp-json\/wp\/v2\/comments?post=1465"}],"version-history":[{"count":20,"href":"https:\/\/yolopizza.co\/index.php\/wp-json\/wp\/v2\/pages\/1465\/revisions"}],"predecessor-version":[{"id":3042,"href":"https:\/\/yolopizza.co\/index.php\/wp-json\/wp\/v2\/pages\/1465\/revisions\/3042"}],"wp:featuredmedia":[{"embeddable":true,"href":"https:\/\/yolopizza.co\/index.php\/wp-json\/wp\/v2\/media\/2004"}],"wp:attachment":[{"href":"https:\/\/yolopizza.co\/index.php\/wp-json\/wp\/v2\/media?parent=1465"}],"curies":[{"name":"wp","href":"https:\/\/api.w.org\/{rel}","templated":true}]}}