{"id":376,"date":"2021-12-09T11:44:22","date_gmt":"2021-12-09T10:44:22","guid":{"rendered":"https:\/\/yolopizza.co\/index.php\/home-drone-v1\/"},"modified":"2025-06-20T11:52:41","modified_gmt":"2025-06-20T09:52:41","slug":"accueil","status":"publish","type":"page","link":"https:\/\/yolopizza.co\/","title":{"rendered":"Pizza Fra\u00eeches dans la Ni\u00e8vre : 24h24 7j\/7"},"content":{"rendered":"\t\t<div data-elementor-type=\"wp-page\" data-elementor-id=\"376\" class=\"elementor elementor-376\">\n\t\t\t\t\t\t<section class=\"elementor-section elementor-top-section elementor-element elementor-element-b3d9372 elementor-section-content-middle elementor-section-full_width elementor-section-height-min-height elementor-section-height-default elementor-section-items-middle wpr-particle-no wpr-jarallax-no wpr-parallax-no wpr-equal-height-no\" data-id=\"b3d9372\" data-element_type=\"section\" data-e-type=\"section\" data-settings=\"{&quot;background_background&quot;:&quot;classic&quot;}\">\n\t\t\t\t\t\t\t<div class=\"elementor-background-overlay\"><\/div>\n\t\t\t\t\t\t\t<div class=\"elementor-container elementor-column-gap-default\">\n\t\t\t\t\t<div class=\"elementor-column elementor-col-100 elementor-top-column elementor-element elementor-element-d780719\" data-id=\"d780719\" data-element_type=\"column\" data-e-type=\"column\" data-settings=\"{&quot;background_background&quot;:&quot;classic&quot;}\">\n\t\t\t<div class=\"elementor-widget-wrap elementor-element-populated\">\n\t\t\t\t\t\t<div class=\"elementor-element elementor-element-74fd78f animated-slow elementor-invisible elementor-widget elementor-widget-heading\" data-id=\"74fd78f\" data-element_type=\"widget\" data-e-type=\"widget\" data-settings=\"{&quot;_animation&quot;:&quot;bounceInRight&quot;}\" data-widget_type=\"heading.default\">\n\t\t\t\t<div class=\"elementor-widget-container\">\n\t\t\t\t\t<h1 class=\"elementor-heading-title elementor-size-default\">Pizzas fra\u00eeches &amp; artisanales, disponibles <span style=\"color:#ef7d00\">24h\/24<\/span> &amp; <span style=\"color:#ef7d00\">7j\/7<\/span><\/h1>\t\t\t\t<\/div>\n\t\t\t\t<\/div>\n\t\t\t\t<div class=\"elementor-element elementor-element-fb40729 animated-slow elementor-invisible elementor-widget elementor-widget-heading\" data-id=\"fb40729\" data-element_type=\"widget\" data-e-type=\"widget\" data-settings=\"{&quot;_animation&quot;:&quot;bounceInRight&quot;}\" data-widget_type=\"heading.default\">\n\t\t\t\t<div class=\"elementor-widget-container\">\n\t\t\t\t\t<h2 class=\"elementor-heading-title elementor-size-default\">Fabrication 100% artisanale avec des ingr\u00e9dients locaux<\/h2>\t\t\t\t<\/div>\n\t\t\t\t<\/div>\n\t\t\t\t\t<\/div>\n\t\t<\/div>\n\t\t\t\t\t<\/div>\n\t\t<\/section>\n\t\t\t\t<section class=\"elementor-section elementor-top-section elementor-element elementor-element-9426582 elementor-section-content-middle elementor-section-boxed elementor-section-height-default elementor-section-height-default wpr-particle-no wpr-jarallax-no wpr-parallax-no wpr-equal-height-no\" data-id=\"9426582\" data-element_type=\"section\" data-e-type=\"section\">\n\t\t\t\t\t\t<div class=\"elementor-container elementor-column-gap-default\">\n\t\t\t\t\t<div class=\"elementor-column elementor-col-50 elementor-top-column elementor-element elementor-element-18074ad\" data-id=\"18074ad\" data-element_type=\"column\" data-e-type=\"column\">\n\t\t\t<div class=\"elementor-widget-wrap elementor-element-populated\">\n\t\t\t\t\t\t<div class=\"elementor-element elementor-element-733c4bf zoom-img elementor-widget elementor-widget-image\" data-id=\"733c4bf\" data-element_type=\"widget\" data-e-type=\"widget\" data-widget_type=\"image.default\">\n\t\t\t\t<div class=\"elementor-widget-container\">\n\t\t\t\t\t\t\t\t\t\t\t\t\t\t\t<img fetchpriority=\"high\" decoding=\"async\" width=\"700\" height=\"671\" src=\"https:\/\/yolopizza.co\/wp-content\/uploads\/2025\/06\/BOITE.png\" class=\"attachment-large size-large wp-image-2832\" alt=\"\" srcset=\"https:\/\/yolopizza.co\/wp-content\/uploads\/2025\/06\/BOITE.png 700w, https:\/\/yolopizza.co\/wp-content\/uploads\/2025\/06\/BOITE-300x288.png 300w\" sizes=\"(max-width: 700px) 100vw, 700px\" \/>\t\t\t\t\t\t\t\t\t\t\t\t\t\t\t<\/div>\n\t\t\t\t<\/div>\n\t\t\t\t\t<\/div>\n\t\t<\/div>\n\t\t\t\t<div class=\"elementor-column elementor-col-50 elementor-top-column elementor-element elementor-element-d3e0197\" data-id=\"d3e0197\" data-element_type=\"column\" data-e-type=\"column\" data-settings=\"{&quot;background_background&quot;:&quot;classic&quot;}\">\n\t\t\t<div class=\"elementor-widget-wrap elementor-element-populated\">\n\t\t\t\t\t\t<div class=\"elementor-element elementor-element-9346c66 animated-slow elementor-invisible elementor-widget elementor-widget-heading\" data-id=\"9346c66\" data-element_type=\"widget\" data-e-type=\"widget\" data-settings=\"{&quot;_animation&quot;:&quot;bounceInRight&quot;}\" data-widget_type=\"heading.default\">\n\t\t\t\t<div class=\"elementor-widget-container\">\n\t\t\t\t\t<h2 class=\"elementor-heading-title elementor-size-default\">Disponible <span style=\"color:#ef7d00\">24h\/24<\/span> &amp; <span style=\"color:#ef7d00\">7j\/7<\/span><\/h2>\t\t\t\t<\/div>\n\t\t\t\t<\/div>\n\t\t\t\t<div class=\"elementor-element elementor-element-029ad68 animated-slow elementor-invisible elementor-widget elementor-widget-text-editor\" data-id=\"029ad68\" data-element_type=\"widget\" data-e-type=\"widget\" data-settings=\"{&quot;_animation&quot;:&quot;bounceInRight&quot;}\" data-widget_type=\"text-editor.default\">\n\t\t\t\t<div class=\"elementor-widget-container\">\n\t\t\t\t\t\t\t\t\t<p>Pr\u00eate en 3 minutes chrono, nos pizzas sont disponibles 24h\/24 &amp; 7j\/7.<br \/><br \/>Alors \u00e0 tous les fervents amoureux et gourmands inconditionnels de la pizza, rendez-vous dans l&rsquo;un de nos distributeurs pour les d\u00e9guster.<\/p>\t\t\t\t\t\t\t\t<\/div>\n\t\t\t\t<\/div>\n\t\t\t\t<div class=\"elementor-element elementor-element-ec1fecf elementor-widget elementor-widget-button\" data-id=\"ec1fecf\" data-element_type=\"widget\" data-e-type=\"widget\" data-widget_type=\"button.default\">\n\t\t\t\t<div class=\"elementor-widget-container\">\n\t\t\t\t\t\t\t\t\t<div class=\"elementor-button-wrapper\">\n\t\t\t\t\t<a class=\"elementor-button elementor-button-link elementor-size-md\" href=\"https:\/\/yolopizza.co\/index.php\/nos-distributeurs\/\">\n\t\t\t\t\t\t<span class=\"elementor-button-content-wrapper\">\n\t\t\t\t\t\t\t\t\t<span class=\"elementor-button-text\">NOS DISTRIBUTEURS<\/span>\n\t\t\t\t\t<\/span>\n\t\t\t\t\t<\/a>\n\t\t\t\t<\/div>\n\t\t\t\t\t\t\t\t<\/div>\n\t\t\t\t<\/div>\n\t\t\t\t\t<\/div>\n\t\t<\/div>\n\t\t\t\t\t<\/div>\n\t\t<\/section>\n\t\t\t\t<section class=\"elementor-section elementor-top-section elementor-element elementor-element-4233e6d elementor-section-content-middle elementor-section-boxed elementor-section-height-default elementor-section-height-default wpr-particle-no wpr-jarallax-no wpr-parallax-no wpr-equal-height-no\" data-id=\"4233e6d\" data-element_type=\"section\" data-e-type=\"section\">\n\t\t\t\t\t\t<div class=\"elementor-container elementor-column-gap-default\">\n\t\t\t\t\t<div class=\"elementor-column elementor-col-50 elementor-top-column elementor-element elementor-element-838ce3b\" data-id=\"838ce3b\" data-element_type=\"column\" data-e-type=\"column\">\n\t\t\t<div class=\"elementor-widget-wrap elementor-element-populated\">\n\t\t\t\t\t\t<div class=\"elementor-element elementor-element-7046996 animated-slow elementor-invisible elementor-widget elementor-widget-heading\" data-id=\"7046996\" data-element_type=\"widget\" data-e-type=\"widget\" data-settings=\"{&quot;_animation&quot;:&quot;bounceInLeft&quot;}\" data-widget_type=\"heading.default\">\n\t\t\t\t<div class=\"elementor-widget-container\">\n\t\t\t\t\t<h2 class=\"elementor-heading-title elementor-size-default\">Fabrication <span style=\"color:#ef7d00\">100% <\/span>artisanale<\/h2>\t\t\t\t<\/div>\n\t\t\t\t<\/div>\n\t\t\t\t<div class=\"elementor-element elementor-element-29c2cfb animated-slow elementor-invisible elementor-widget elementor-widget-text-editor\" data-id=\"29c2cfb\" data-element_type=\"widget\" data-e-type=\"widget\" data-settings=\"{&quot;_animation&quot;:&quot;bounceInLeft&quot;}\" data-widget_type=\"text-editor.default\">\n\t\t\t\t<div class=\"elementor-widget-container\">\n\t\t\t\t\t\t\t\t\t<p>Chez YOLO Pizza, nos pizzas sont fra\u00eeches et artisanales. La qualit\u00e9 de nos ingr\u00e9dients est une priorit\u00e9 et nous privil\u00e9gions les produits de nos producteurs locaux.<\/p>\t\t\t\t\t\t\t\t<\/div>\n\t\t\t\t<\/div>\n\t\t\t\t\t<\/div>\n\t\t<\/div>\n\t\t\t\t<div class=\"elementor-column elementor-col-50 elementor-top-column elementor-element elementor-element-6c91146\" data-id=\"6c91146\" data-element_type=\"column\" data-e-type=\"column\">\n\t\t\t<div class=\"elementor-widget-wrap elementor-element-populated\">\n\t\t\t\t\t\t<div class=\"elementor-element elementor-element-5bbde23 zoom-img elementor-widget elementor-widget-image\" data-id=\"5bbde23\" data-element_type=\"widget\" data-e-type=\"widget\" data-widget_type=\"image.default\">\n\t\t\t\t<div class=\"elementor-widget-container\">\n\t\t\t\t\t\t\t\t\t\t\t\t\t\t\t<img decoding=\"async\" width=\"960\" height=\"765\" src=\"https:\/\/yolopizza.co\/wp-content\/uploads\/2025\/06\/fond-blanc-pizza.png\" class=\"attachment-large size-large wp-image-2836\" alt=\"\" srcset=\"https:\/\/yolopizza.co\/wp-content\/uploads\/2025\/06\/fond-blanc-pizza.png 966w, https:\/\/yolopizza.co\/wp-content\/uploads\/2025\/06\/fond-blanc-pizza-300x239.png 300w, https:\/\/yolopizza.co\/wp-content\/uploads\/2025\/06\/fond-blanc-pizza-768x612.png 768w\" sizes=\"(max-width: 960px) 100vw, 960px\" \/>\t\t\t\t\t\t\t\t\t\t\t\t\t\t\t<\/div>\n\t\t\t\t<\/div>\n\t\t\t\t\t<\/div>\n\t\t<\/div>\n\t\t\t\t\t<\/div>\n\t\t<\/section>\n\t\t\t\t<section class=\"elementor-section elementor-top-section elementor-element elementor-element-1aa712d elementor-section-full_width elementor-section-height-default elementor-section-height-default wpr-particle-no wpr-jarallax-no wpr-parallax-no wpr-equal-height-no\" data-id=\"1aa712d\" data-element_type=\"section\" data-e-type=\"section\" data-settings=\"{&quot;background_background&quot;:&quot;video&quot;,&quot;background_video_link&quot;:&quot;https:\\\/\\\/yolopizza.co\\\/wp-content\\\/uploads\\\/2025\\\/06\\\/5578425_Coll_wavebreak_People_1280x720.mp4&quot;,&quot;background_play_on_mobile&quot;:&quot;yes&quot;}\">\n\t\t\t\t\t\t\t\t<div class=\"elementor-background-video-container\">\n\t\t\t\t\t\t\t\t\t\t\t\t\t<video class=\"elementor-background-video-hosted\" role=\"presentation\" autoplay muted playsinline loop><\/video>\n\t\t\t\t\t\t\t\t\t\t\t<\/div>\n\t\t\t\t\t\t\t\t<div class=\"elementor-container elementor-column-gap-no\">\n\t\t\t\t\t<div class=\"elementor-column elementor-col-100 elementor-top-column elementor-element elementor-element-74fb420\" data-id=\"74fb420\" data-element_type=\"column\" data-e-type=\"column\">\n\t\t\t<div class=\"elementor-widget-wrap elementor-element-populated\">\n\t\t\t\t\t\t<div class=\"elementor-element elementor-element-e4c1d82 elementor-widget elementor-widget-text-editor\" data-id=\"e4c1d82\" data-element_type=\"widget\" data-e-type=\"widget\" data-widget_type=\"text-editor.default\">\n\t\t\t\t<div class=\"elementor-widget-container\">\n\t\t\t\t\t\t\t\t\t<span style=\"font-family: 'barcelony', cursive !important;\">Pizzas fra\u00eeches, cuisin\u00e9es tous les jours par notre chef et son \u00e9quipe.<\/span>\t\t\t\t\t\t\t\t<\/div>\n\t\t\t\t<\/div>\n\t\t\t\t\t<\/div>\n\t\t<\/div>\n\t\t\t\t\t<\/div>\n\t\t<\/section>\n\t\t\t\t<section class=\"elementor-section elementor-top-section elementor-element elementor-element-14bfdd3 elementor-section-boxed elementor-section-height-default elementor-section-height-default wpr-particle-no wpr-jarallax-no wpr-parallax-no wpr-equal-height-no\" data-id=\"14bfdd3\" data-element_type=\"section\" data-e-type=\"section\">\n\t\t\t\t\t\t<div class=\"elementor-container elementor-column-gap-default\">\n\t\t\t\t\t<div class=\"elementor-column elementor-col-33 elementor-top-column elementor-element elementor-element-3531948\" data-id=\"3531948\" data-element_type=\"column\" data-e-type=\"column\">\n\t\t\t<div class=\"elementor-widget-wrap elementor-element-populated\">\n\t\t\t\t\t\t<div class=\"elementor-element elementor-element-13b859e animated-slow elementor-invisible elementor-widget elementor-widget-heading\" data-id=\"13b859e\" data-element_type=\"widget\" data-e-type=\"widget\" data-settings=\"{&quot;_animation&quot;:&quot;bounceInLeft&quot;}\" data-widget_type=\"heading.default\">\n\t\t\t\t<div class=\"elementor-widget-container\">\n\t\t\t\t\t<h2 class=\"elementor-heading-title elementor-size-default\">Nos <span style=\"color:#ef7d00\">Pizzas <\/span><\/h2>\t\t\t\t<\/div>\n\t\t\t\t<\/div>\n\t\t\t\t<div class=\"elementor-element elementor-element-23ec457 animated-slow elementor-invisible elementor-widget elementor-widget-text-editor\" data-id=\"23ec457\" data-element_type=\"widget\" data-e-type=\"widget\" data-settings=\"{&quot;_animation&quot;:&quot;bounceInLeft&quot;}\" data-widget_type=\"text-editor.default\">\n\t\t\t\t<div class=\"elementor-widget-container\">\n\t\t\t\t\t\t\t\t\t<p>Les pizzas \u00e0 emporter de nos distributeurs sont pr\u00eates en 3 min. Fabrication 100% artisanale et produits locaux.<\/p>\t\t\t\t\t\t\t\t<\/div>\n\t\t\t\t<\/div>\n\t\t\t\t<div class=\"elementor-element elementor-element-d4602f9 elementor-widget elementor-widget-button\" data-id=\"d4602f9\" data-element_type=\"widget\" data-e-type=\"widget\" data-widget_type=\"button.default\">\n\t\t\t\t<div class=\"elementor-widget-container\">\n\t\t\t\t\t\t\t\t\t<div class=\"elementor-button-wrapper\">\n\t\t\t\t\t<a class=\"elementor-button elementor-button-link elementor-size-md\" href=\"https:\/\/yolopizza.co\/index.php\/distributeur-de-pizzas-fraiches-dans-la-nievre\/\">\n\t\t\t\t\t\t<span class=\"elementor-button-content-wrapper\">\n\t\t\t\t\t\t\t\t\t<span class=\"elementor-button-text\">NOS PIZZAS<\/span>\n\t\t\t\t\t<\/span>\n\t\t\t\t\t<\/a>\n\t\t\t\t<\/div>\n\t\t\t\t\t\t\t\t<\/div>\n\t\t\t\t<\/div>\n\t\t\t\t\t<\/div>\n\t\t<\/div>\n\t\t\t\t<div class=\"elementor-column elementor-col-66 elementor-top-column elementor-element elementor-element-13e6d58\" data-id=\"13e6d58\" data-element_type=\"column\" data-e-type=\"column\">\n\t\t\t<div class=\"elementor-widget-wrap elementor-element-populated\">\n\t\t\t\t\t\t<div class=\"elementor-element elementor-element-236c7d8 elementor-pagination-position-outside elementor-widget elementor-widget-image-carousel\" data-id=\"236c7d8\" data-element_type=\"widget\" data-e-type=\"widget\" data-settings=\"{&quot;navigation&quot;:&quot;dots&quot;,&quot;lazyload&quot;:&quot;yes&quot;,&quot;pause_on_interaction&quot;:&quot;no&quot;,&quot;image_spacing_custom&quot;:{&quot;unit&quot;:&quot;px&quot;,&quot;size&quot;:73,&quot;sizes&quot;:[]},&quot;autoplay&quot;:&quot;yes&quot;,&quot;pause_on_hover&quot;:&quot;yes&quot;,&quot;autoplay_speed&quot;:5000,&quot;infinite&quot;:&quot;yes&quot;,&quot;speed&quot;:500,&quot;image_spacing_custom_tablet&quot;:{&quot;unit&quot;:&quot;px&quot;,&quot;size&quot;:&quot;&quot;,&quot;sizes&quot;:[]},&quot;image_spacing_custom_mobile&quot;:{&quot;unit&quot;:&quot;px&quot;,&quot;size&quot;:&quot;&quot;,&quot;sizes&quot;:[]}}\" data-widget_type=\"image-carousel.default\">\n\t\t\t\t<div class=\"elementor-widget-container\">\n\t\t\t\t\t\t\t<div class=\"elementor-image-carousel-wrapper swiper\" role=\"region\" aria-roledescription=\"carousel\" aria-label=\"Carrousel d\u2019images\" dir=\"ltr\">\n\t\t\t<div class=\"elementor-image-carousel swiper-wrapper\" aria-live=\"off\">\n\t\t\t\t\t\t\t\t<div class=\"swiper-slide\" role=\"group\" aria-roledescription=\"slide\" aria-label=\"1 sur 9\"><figure class=\"swiper-slide-inner\"><img class=\"swiper-slide-image swiper-lazy\" data-src=\"https:\/\/yolopizza.co\/wp-content\/uploads\/elementor\/thumbs\/OFFICIAL-r2pl7m5p2i53pzjq3frmxv8qroljnc5cdjv8u1u65c.png\" alt=\"OFFICIAL\" \/><div class=\"swiper-lazy-preloader\"><\/div><\/figure><\/div><div class=\"swiper-slide\" role=\"group\" aria-roledescription=\"slide\" aria-label=\"2 sur 9\"><figure class=\"swiper-slide-inner\"><img class=\"swiper-slide-image swiper-lazy\" data-src=\"https:\/\/yolopizza.co\/wp-content\/uploads\/elementor\/thumbs\/OFFICIAL-1-r2pl824yaoqz7cwii4oam97kv8esa6ws3qyhzr6h7k.png\" alt=\"OFFICIAL\" \/><div class=\"swiper-lazy-preloader\"><\/div><\/figure><\/div><div class=\"swiper-slide\" role=\"group\" aria-roledescription=\"slide\" aria-label=\"3 sur 9\"><figure class=\"swiper-slide-inner\"><img class=\"swiper-slide-image swiper-lazy\" data-src=\"https:\/\/yolopizza.co\/wp-content\/uploads\/elementor\/thumbs\/OFFICIAL-2-r2pl89nntd19s8lla7xb67b9mbdpzrqmss6dtyvbts.png\" alt=\"OFFICIAL\" \/><div class=\"swiper-lazy-preloader\"><\/div><\/figure><\/div><div class=\"swiper-slide\" role=\"group\" aria-roledescription=\"slide\" aria-label=\"4 sur 9\"><figure class=\"swiper-slide-inner\"><img class=\"swiper-slide-image swiper-lazy\" data-src=\"https:\/\/yolopizza.co\/wp-content\/uploads\/elementor\/thumbs\/OFFICIAL-4-r2pl8v9y6juv79q6rz9q9juva6f5wt4gjr6jvbz9uo.png\" alt=\"OFFICIAL\" \/><div class=\"swiper-lazy-preloader\"><\/div><\/figure><\/div><div class=\"swiper-slide\" role=\"group\" aria-roledescription=\"slide\" aria-label=\"5 sur 9\"><figure class=\"swiper-slide-inner\"><img class=\"swiper-slide-image swiper-lazy\" data-src=\"https:\/\/yolopizza.co\/wp-content\/uploads\/elementor\/thumbs\/OFFICIAL-5-r2pl9abd7wfgd14cc5rrdg28scd1bys5xtmbjrcz34.png\" alt=\"OFFICIAL\" \/><div class=\"swiper-lazy-preloader\"><\/div><\/figure><\/div><div class=\"swiper-slide\" role=\"group\" aria-roledescription=\"slide\" aria-label=\"6 sur 9\"><figure class=\"swiper-slide-inner\"><img class=\"swiper-slide-image swiper-lazy\" data-src=\"https:\/\/yolopizza.co\/wp-content\/uploads\/elementor\/thumbs\/OFFICIAL-6-r2pl9gw8jqogmaus9qm5cwegy1gltuiaaq6pwp37vk.png\" alt=\"OFFICIAL\" \/><div class=\"swiper-lazy-preloader\"><\/div><\/figure><\/div><div class=\"swiper-slide\" role=\"group\" aria-roledescription=\"slide\" aria-label=\"7 sur 9\"><figure class=\"swiper-slide-inner\"><img class=\"swiper-slide-image swiper-lazy\" data-src=\"https:\/\/yolopizza.co\/wp-content\/uploads\/elementor\/thumbs\/OFFICIAL-7-r2pl9pcs9901isihwc9shc9maiawr4fvbw2386qobk.png\" alt=\"OFFICIAL\" \/><div class=\"swiper-lazy-preloader\"><\/div><\/figure><\/div><div class=\"swiper-slide\" role=\"group\" aria-roledescription=\"slide\" aria-label=\"8 sur 9\"><figure class=\"swiper-slide-inner\"><img class=\"swiper-slide-image swiper-lazy\" data-src=\"https:\/\/yolopizza.co\/wp-content\/uploads\/elementor\/thumbs\/OFFICIAL-8-r2pl9yr65lcwqw4udgc269w88d0kw3h6p6ky0ycqlc.png\" alt=\"OFFICIAL\" \/><div class=\"swiper-lazy-preloader\"><\/div><\/figure><\/div><div class=\"swiper-slide\" role=\"group\" aria-roledescription=\"slide\" aria-label=\"9 sur 9\"><figure class=\"swiper-slide-inner\"><img class=\"swiper-slide-image swiper-lazy\" data-src=\"https:\/\/yolopizza.co\/wp-content\/uploads\/elementor\/thumbs\/OFFICIAL-9-r2pla77pv3ohndsk01zpaprdktuvtderqcgbcg071c.png\" alt=\"OFFICIAL\" \/><div class=\"swiper-lazy-preloader\"><\/div><\/figure><\/div>\t\t\t<\/div>\n\t\t\t\t\t\t\t\n\t\t\t\t\t\t\t\t\t<div class=\"swiper-pagination\"><\/div>\n\t\t\t\t\t\t\t\t\t<\/div>\n\t\t\t\t\t\t<\/div>\n\t\t\t\t<\/div>\n\t\t\t\t\t<\/div>\n\t\t<\/div>\n\t\t\t\t\t<\/div>\n\t\t<\/section>\n\t\t\t\t<\/div>\n\t\t","protected":false},"excerpt":{"rendered":"<p>Pizzas fra\u00eeches &amp; artisanales, disponibles 24h\/24 &amp; 7j\/7 Fabrication 100% artisanale avec des ingr\u00e9dients locaux Disponible 24h\/24 &amp; 7j\/7 Pr\u00eate en 3 minutes chrono, nos pizzas sont disponibles 24h\/24 &amp; 7j\/7. Alors \u00e0 tous les fervents amoureux et gourmands inconditionnels de la pizza, rendez-vous dans l&rsquo;un de nos distributeurs pour les d\u00e9guster. NOS DISTRIBUTEURS Fabrication 100% artisanale Chez YOLO Pizza, nos pizzas sont fra\u00eeches et artisanales. La qualit\u00e9 de nos ingr\u00e9dients est une priorit\u00e9 et nous privil\u00e9gions les produits de nos producteurs locaux. Pizzas fra\u00eeches, cuisin\u00e9es tous les jours par notre chef et son \u00e9quipe. Nos Pizzas Les pizzas \u00e0 emporter de nos distributeurs sont pr\u00eates en 3 min. Fabrication 100% artisanale et produits locaux. NOS PIZZAS<\/p>\n","protected":false},"author":1,"featured_media":0,"parent":0,"menu_order":0,"comment_status":"closed","ping_status":"closed","template":"elementor_header_footer","meta":{"footnotes":""},"class_list":["post-376","page","type-page","status-publish","hentry"],"aioseo_notices":[],"_links":{"self":[{"href":"https:\/\/yolopizza.co\/index.php\/wp-json\/wp\/v2\/pages\/376","targetHints":{"allow":["GET"]}}],"collection":[{"href":"https:\/\/yolopizza.co\/index.php\/wp-json\/wp\/v2\/pages"}],"about":[{"href":"https:\/\/yolopizza.co\/index.php\/wp-json\/wp\/v2\/types\/page"}],"author":[{"embeddable":true,"href":"https:\/\/yolopizza.co\/index.php\/wp-json\/wp\/v2\/users\/1"}],"replies":[{"embeddable":true,"href":"https:\/\/yolopizza.co\/index.php\/wp-json\/wp\/v2\/comments?post=376"}],"version-history":[{"count":17,"href":"https:\/\/yolopizza.co\/index.php\/wp-json\/wp\/v2\/pages\/376\/revisions"}],"predecessor-version":[{"id":2848,"href":"https:\/\/yolopizza.co\/index.php\/wp-json\/wp\/v2\/pages\/376\/revisions\/2848"}],"wp:attachment":[{"href":"https:\/\/yolopizza.co\/index.php\/wp-json\/wp\/v2\/media?parent=376"}],"curies":[{"name":"wp","href":"https:\/\/api.w.org\/{rel}","templated":true}]}}